{"id":295,"date":"2024-10-25T09:47:45","date_gmt":"2024-10-25T09:47:45","guid":{"rendered":"https:\/\/nhungbeo.id.vn\/?page_id=295"},"modified":"2024-10-26T21:38:02","modified_gmt":"2024-10-26T21:38:02","slug":"tin-tuc","status":"publish","type":"page","link":"http:\/\/nhungbeo.id.vn\/?page_id=295","title":{"rendered":"Tin t\u1ee9c"},"content":{"rendered":"<div class=\"container section-title-container\" ><h3 class=\"section-title section-title-bold-center\"><b><\/b><span class=\"section-title-main\" style=\"font-size:300%;color:#5b9069;\"><i class=\"icon-envelop\" ><\/i>Tin t\u1ee9c<\/span><b><\/b><\/h3><\/div>\n\n<div class=\"searchform-wrapper ux-search-box relative form-flat is-xlarge\"><form role=\"search\" method=\"get\" class=\"searchform\" action=\"http:\/\/nhungbeo.id.vn\/\">\n\t<div class=\"flex-row relative\">\n\t\t\t\t\t\t<div class=\"flex-col flex-grow\">\n\t\t\t<label class=\"screen-reader-text\" for=\"woocommerce-product-search-field-0\">Search for:<\/label>\n\t\t\t<input type=\"search\" id=\"woocommerce-product-search-field-0\" class=\"search-field mb-0\" placeholder=\"Search&hellip;\" value=\"\" name=\"s\" \/>\n\t\t\t<input type=\"hidden\" name=\"post_type\" value=\"product\" \/>\n\t\t\t\t\t<\/div>\n\t\t<div class=\"flex-col\">\n\t\t\t<button type=\"submit\" value=\"Search\" class=\"ux-search-submit submit-button secondary button  icon mb-0\" aria-label=\"G\u1eedi\">\n\t\t\t\t<i class=\"icon-search\" ><\/i>\t\t\t<\/button>\n\t\t<\/div>\n\t<\/div>\n\t<div class=\"live-search-results text-left z-top\"><\/div>\n<\/form>\n<\/div>\n\n\t<div id=\"gap-710945601\" class=\"gap-element clearfix\" style=\"display:block; height:auto;\">\n\t\t\n<style>\n#gap-710945601 {\n  padding-top: 60px;\n}\n<\/style>\n\t<\/div>\n\t\n\n\n  \n    <div id=\"row-2112377015\" class=\"row large-columns-3 medium-columns- small-columns-1 has-shadow row-box-shadow-2 row-masonry\" data-packery-options='{\"itemSelector\": \".col\", \"gutter\": 0, \"presentageWidth\" : true}'>\n\n  <div class=\"col post-item\" >\n\t\t\t<div class=\"col-inner\">\n\t\t\t\t<div class=\"box box-text-bottom box-blog-post has-hover\">\n            \t\t\t\t\t<div class=\"box-image\" >\n  \t\t\t\t\t\t<div class=\"image-cover\" style=\"padding-top:180px;\">\n\t\t\t\t\t\t\t<a href=\"http:\/\/nhungbeo.id.vn\/?p=325\" class=\"plain\" aria-label=\"1000+ m\u1eb9o ch\u1ecdn ph\u00e2n b\u00f3n rau s\u1ea1ch t\u1ea1i nh\u00e0 c\u1ef1c chu\u1ea9n\">\n\t\t\t\t\t\t\t\t<img loading=\"lazy\" decoding=\"async\" width=\"300\" height=\"220\" src=\"http:\/\/nhungbeo.id.vn\/wp-content\/uploads\/2024\/10\/phan-bon-rau-640x470-1-300x220.jpg\" class=\"attachment-medium size-medium wp-post-image\" alt=\"\" srcset=\"http:\/\/nhungbeo.id.vn\/wp-content\/uploads\/2024\/10\/phan-bon-rau-640x470-1-300x220.jpg 300w, http:\/\/nhungbeo.id.vn\/wp-content\/uploads\/2024\/10\/phan-bon-rau-640x470-1-600x441.jpg 600w, http:\/\/nhungbeo.id.vn\/wp-content\/uploads\/2024\/10\/phan-bon-rau-640x470-1.jpg 640w\" sizes=\"auto, (max-width: 300px) 100vw, 300px\" \/>\t\t\t\t\t\t\t<\/a>\n  \t\t\t\t\t\t\t  \t\t\t\t\t\t\t  \t\t\t\t\t\t<\/div>\n  \t\t\t\t\t\t  \t\t\t\t\t<\/div>\n          \t\t\t\t\t<div class=\"box-text text-center\" >\n\t\t\t\t\t<div class=\"box-text-inner blog-post-inner\">\n\n\t\t\t\t\t\n\t\t\t\t\t\t\t\t\t\t<h5 class=\"post-title is-large \">\n\t\t\t\t\t\t<a href=\"http:\/\/nhungbeo.id.vn\/?p=325\" class=\"plain\">1000+ m\u1eb9o ch\u1ecdn ph\u00e2n b\u00f3n rau s\u1ea1ch t\u1ea1i nh\u00e0 c\u1ef1c chu\u1ea9n<\/a>\n\t\t\t\t\t<\/h5>\n\t\t\t\t\t\t\t\t\t\t<div class=\"is-divider\"><\/div>\n\t\t\t\t\t\t\t\t\t\t<p class=\"from_the_blog_excerpt \">\n\t\t\t\t\t\t\t\t\t\t\t<\/p>\n\t\t\t\t\t                    \n\t\t\t\t\t\n\t\t\t\t\t\n\t\t\t\t\t<\/div>\n\t\t\t\t\t<\/div>\n\t\t\t\t\t\t\t\t\t\t\t\t\t\t\t\t<div class=\"badge absolute top post-date badge-outline\">\n\t\t\t\t\t\t\t<div class=\"badge-inner\">\n\t\t\t\t\t\t\t\t<span class=\"post-date-day\">25<\/span><br>\n\t\t\t\t\t\t\t\t<span class=\"post-date-month is-xsmall\">Th10<\/span>\n\t\t\t\t\t\t\t<\/div>\n\t\t\t\t\t\t<\/div>\n\t\t\t\t\t\t\t\t\t<\/div>\n\t\t\t<\/div>\n\t\t<\/div><div class=\"col post-item\" >\n\t\t\t<div class=\"col-inner\">\n\t\t\t\t<div class=\"box box-text-bottom box-blog-post has-hover\">\n            \t\t\t\t\t<div class=\"box-image\" >\n  \t\t\t\t\t\t<div class=\"image-cover\" style=\"padding-top:180px;\">\n\t\t\t\t\t\t\t<a href=\"http:\/\/nhungbeo.id.vn\/?p=319\" class=\"plain\" aria-label=\"B\u00ed quy\u1ebft tr\u1ed3ng v\u01b0\u1eddn rau s\u1ea1ch t\u1eeb h\u1ea1t gi\u1ed1ng \u0111\u1eadu h\u00e0 lan F1\">\n\t\t\t\t\t\t\t\t<img loading=\"lazy\" decoding=\"async\" width=\"300\" height=\"162\" src=\"http:\/\/nhungbeo.id.vn\/wp-content\/uploads\/2024\/10\/hat-giong-dau-ha-lan-870x470-1-300x162.jpg\" class=\"attachment-medium size-medium wp-post-image\" alt=\"\" srcset=\"http:\/\/nhungbeo.id.vn\/wp-content\/uploads\/2024\/10\/hat-giong-dau-ha-lan-870x470-1-300x162.jpg 300w, http:\/\/nhungbeo.id.vn\/wp-content\/uploads\/2024\/10\/hat-giong-dau-ha-lan-870x470-1-768x415.jpg 768w, http:\/\/nhungbeo.id.vn\/wp-content\/uploads\/2024\/10\/hat-giong-dau-ha-lan-870x470-1-600x324.jpg 600w, http:\/\/nhungbeo.id.vn\/wp-content\/uploads\/2024\/10\/hat-giong-dau-ha-lan-870x470-1.jpg 870w\" sizes=\"auto, (max-width: 300px) 100vw, 300px\" \/>\t\t\t\t\t\t\t<\/a>\n  \t\t\t\t\t\t\t  \t\t\t\t\t\t\t  \t\t\t\t\t\t<\/div>\n  \t\t\t\t\t\t  \t\t\t\t\t<\/div>\n          \t\t\t\t\t<div class=\"box-text text-center\" >\n\t\t\t\t\t<div class=\"box-text-inner blog-post-inner\">\n\n\t\t\t\t\t\n\t\t\t\t\t\t\t\t\t\t<h5 class=\"post-title is-large \">\n\t\t\t\t\t\t<a href=\"http:\/\/nhungbeo.id.vn\/?p=319\" class=\"plain\">B\u00ed quy\u1ebft tr\u1ed3ng v\u01b0\u1eddn rau s\u1ea1ch t\u1eeb h\u1ea1t gi\u1ed1ng \u0111\u1eadu h\u00e0 lan F1<\/a>\n\t\t\t\t\t<\/h5>\n\t\t\t\t\t\t\t\t\t\t<div class=\"is-divider\"><\/div>\n\t\t\t\t\t\t\t\t\t\t<p class=\"from_the_blog_excerpt \">\n\t\t\t\t\t\t\t\t\t\t\t<\/p>\n\t\t\t\t\t                    \n\t\t\t\t\t\n\t\t\t\t\t\n\t\t\t\t\t<\/div>\n\t\t\t\t\t<\/div>\n\t\t\t\t\t\t\t\t\t\t\t\t\t\t\t\t<div class=\"badge absolute top post-date badge-outline\">\n\t\t\t\t\t\t\t<div class=\"badge-inner\">\n\t\t\t\t\t\t\t\t<span class=\"post-date-day\">25<\/span><br>\n\t\t\t\t\t\t\t\t<span class=\"post-date-month is-xsmall\">Th10<\/span>\n\t\t\t\t\t\t\t<\/div>\n\t\t\t\t\t\t<\/div>\n\t\t\t\t\t\t\t\t\t<\/div>\n\t\t\t<\/div>\n\t\t<\/div><div class=\"col post-item\" >\n\t\t\t<div class=\"col-inner\">\n\t\t\t\t<div class=\"box box-text-bottom box-blog-post has-hover\">\n            \t\t\t\t\t<div class=\"box-image\" >\n  \t\t\t\t\t\t<div class=\"image-cover\" style=\"padding-top:180px;\">\n\t\t\t\t\t\t\t<a href=\"http:\/\/nhungbeo.id.vn\/?p=313\" class=\"plain\" aria-label=\"M\u1eb9o ch\u1ecdn h\u1ea1t gi\u1ed1ng Vi\u1ec7t ch\u1ea5t l\u01b0\u1ee3ng cao, gi\u00e1 r\u1ebb\">\n\t\t\t\t\t\t\t\t<img loading=\"lazy\" decoding=\"async\" width=\"300\" height=\"162\" src=\"http:\/\/nhungbeo.id.vn\/wp-content\/uploads\/2024\/10\/aaaaaaaaaaaaa-300x162.jpg\" class=\"attachment-medium size-medium wp-post-image\" alt=\"\" srcset=\"http:\/\/nhungbeo.id.vn\/wp-content\/uploads\/2024\/10\/aaaaaaaaaaaaa-300x162.jpg 300w, http:\/\/nhungbeo.id.vn\/wp-content\/uploads\/2024\/10\/aaaaaaaaaaaaa-768x415.jpg 768w, http:\/\/nhungbeo.id.vn\/wp-content\/uploads\/2024\/10\/aaaaaaaaaaaaa-600x324.jpg 600w, http:\/\/nhungbeo.id.vn\/wp-content\/uploads\/2024\/10\/aaaaaaaaaaaaa.jpg 870w\" sizes=\"auto, (max-width: 300px) 100vw, 300px\" \/>\t\t\t\t\t\t\t<\/a>\n  \t\t\t\t\t\t\t  \t\t\t\t\t\t\t  \t\t\t\t\t\t<\/div>\n  \t\t\t\t\t\t  \t\t\t\t\t<\/div>\n          \t\t\t\t\t<div class=\"box-text text-center\" >\n\t\t\t\t\t<div class=\"box-text-inner blog-post-inner\">\n\n\t\t\t\t\t\n\t\t\t\t\t\t\t\t\t\t<h5 class=\"post-title is-large \">\n\t\t\t\t\t\t<a href=\"http:\/\/nhungbeo.id.vn\/?p=313\" class=\"plain\">M\u1eb9o ch\u1ecdn h\u1ea1t gi\u1ed1ng Vi\u1ec7t ch\u1ea5t l\u01b0\u1ee3ng cao, gi\u00e1 r\u1ebb<\/a>\n\t\t\t\t\t<\/h5>\n\t\t\t\t\t\t\t\t\t\t<div class=\"is-divider\"><\/div>\n\t\t\t\t\t\t\t\t\t\t<p class=\"from_the_blog_excerpt \">\n\t\t\t\t\t\t\t\t\t\t\t<\/p>\n\t\t\t\t\t                    \n\t\t\t\t\t\n\t\t\t\t\t\n\t\t\t\t\t<\/div>\n\t\t\t\t\t<\/div>\n\t\t\t\t\t\t\t\t\t\t\t\t\t\t\t\t<div class=\"badge absolute top post-date badge-outline\">\n\t\t\t\t\t\t\t<div class=\"badge-inner\">\n\t\t\t\t\t\t\t\t<span class=\"post-date-day\">25<\/span><br>\n\t\t\t\t\t\t\t\t<span class=\"post-date-month is-xsmall\">Th10<\/span>\n\t\t\t\t\t\t\t<\/div>\n\t\t\t\t\t\t<\/div>\n\t\t\t\t\t\t\t\t\t<\/div>\n\t\t\t<\/div>\n\t\t<\/div><div class=\"col post-item\" >\n\t\t\t<div class=\"col-inner\">\n\t\t\t\t<div class=\"box box-text-bottom box-blog-post has-hover\">\n            \t\t\t\t\t<div class=\"box-image\" >\n  \t\t\t\t\t\t<div class=\"image-cover\" style=\"padding-top:180px;\">\n\t\t\t\t\t\t\t<a href=\"http:\/\/nhungbeo.id.vn\/?p=307\" class=\"plain\" aria-label=\"Thu\u1ef7 canh t\u0129nh v\u00e0 \u0111\u1ed9ng l\u00e0 g\u00ec? Gi\u1edbi thi\u1ec7u k\u1ef9 thu\u1eadt tr\u1ed3ng th\u1ee7y canh\">\n\t\t\t\t\t\t\t\t<img loading=\"lazy\" decoding=\"async\" width=\"300\" height=\"193\" src=\"http:\/\/nhungbeo.id.vn\/wp-content\/uploads\/2024\/10\/gia-tc-1-730x470-1-300x193.jpg\" class=\"attachment-medium size-medium wp-post-image\" alt=\"\" srcset=\"http:\/\/nhungbeo.id.vn\/wp-content\/uploads\/2024\/10\/gia-tc-1-730x470-1-300x193.jpg 300w, http:\/\/nhungbeo.id.vn\/wp-content\/uploads\/2024\/10\/gia-tc-1-730x470-1-600x386.jpg 600w, http:\/\/nhungbeo.id.vn\/wp-content\/uploads\/2024\/10\/gia-tc-1-730x470-1.jpg 730w\" sizes=\"auto, (max-width: 300px) 100vw, 300px\" \/>\t\t\t\t\t\t\t<\/a>\n  \t\t\t\t\t\t\t  \t\t\t\t\t\t\t  \t\t\t\t\t\t<\/div>\n  \t\t\t\t\t\t  \t\t\t\t\t<\/div>\n          \t\t\t\t\t<div class=\"box-text text-center\" >\n\t\t\t\t\t<div class=\"box-text-inner blog-post-inner\">\n\n\t\t\t\t\t\n\t\t\t\t\t\t\t\t\t\t<h5 class=\"post-title is-large \">\n\t\t\t\t\t\t<a href=\"http:\/\/nhungbeo.id.vn\/?p=307\" class=\"plain\">Thu\u1ef7 canh t\u0129nh v\u00e0 \u0111\u1ed9ng l\u00e0 g\u00ec? Gi\u1edbi thi\u1ec7u k\u1ef9 thu\u1eadt tr\u1ed3ng th\u1ee7y canh<\/a>\n\t\t\t\t\t<\/h5>\n\t\t\t\t\t\t\t\t\t\t<div class=\"is-divider\"><\/div>\n\t\t\t\t\t\t\t\t\t\t<p class=\"from_the_blog_excerpt \">\n\t\t\t\t\t\t\t\t\t\t\t<\/p>\n\t\t\t\t\t                    \n\t\t\t\t\t\n\t\t\t\t\t\n\t\t\t\t\t<\/div>\n\t\t\t\t\t<\/div>\n\t\t\t\t\t\t\t\t\t\t\t\t\t\t\t\t<div class=\"badge absolute top post-date badge-outline\">\n\t\t\t\t\t\t\t<div class=\"badge-inner\">\n\t\t\t\t\t\t\t\t<span class=\"post-date-day\">25<\/span><br>\n\t\t\t\t\t\t\t\t<span class=\"post-date-month is-xsmall\">Th10<\/span>\n\t\t\t\t\t\t\t<\/div>\n\t\t\t\t\t\t<\/div>\n\t\t\t\t\t\t\t\t\t<\/div>\n\t\t\t<\/div>\n\t\t<\/div><div class=\"col post-item\" >\n\t\t\t<div class=\"col-inner\">\n\t\t\t\t<div class=\"box box-text-bottom box-blog-post has-hover\">\n            \t\t\t\t\t<div class=\"box-image\" >\n  \t\t\t\t\t\t<div class=\"image-cover\" style=\"padding-top:180px;\">\n\t\t\t\t\t\t\t<a href=\"http:\/\/nhungbeo.id.vn\/?p=213\" class=\"plain\" aria-label=\"\u0110\u00f3ng g\u00f3p cho c\u1ed9ng \u0111\u1ed3ng\">\n\t\t\t\t\t\t\t\t<img loading=\"lazy\" decoding=\"async\" width=\"300\" height=\"232\" src=\"http:\/\/nhungbeo.id.vn\/wp-content\/uploads\/2024\/10\/about-pic-02-300x232.jpg\" class=\"attachment-medium size-medium wp-post-image\" alt=\"\" srcset=\"http:\/\/nhungbeo.id.vn\/wp-content\/uploads\/2024\/10\/about-pic-02-300x232.jpg 300w, http:\/\/nhungbeo.id.vn\/wp-content\/uploads\/2024\/10\/about-pic-02.jpg 570w\" sizes=\"auto, (max-width: 300px) 100vw, 300px\" \/>\t\t\t\t\t\t\t<\/a>\n  \t\t\t\t\t\t\t  \t\t\t\t\t\t\t  \t\t\t\t\t\t<\/div>\n  \t\t\t\t\t\t  \t\t\t\t\t<\/div>\n          \t\t\t\t\t<div class=\"box-text text-center\" >\n\t\t\t\t\t<div class=\"box-text-inner blog-post-inner\">\n\n\t\t\t\t\t\n\t\t\t\t\t\t\t\t\t\t<h5 class=\"post-title is-large \">\n\t\t\t\t\t\t<a href=\"http:\/\/nhungbeo.id.vn\/?p=213\" class=\"plain\">\u0110\u00f3ng g\u00f3p cho c\u1ed9ng \u0111\u1ed3ng<\/a>\n\t\t\t\t\t<\/h5>\n\t\t\t\t\t\t\t\t\t\t<div class=\"is-divider\"><\/div>\n\t\t\t\t\t\t\t\t\t\t<p class=\"from_the_blog_excerpt \">\n\t\t\t\t\t\tB\u1eb1ng vi\u1ec7c l\u1ef1a ch\u1ecdn n\u00f4ng s\u1ea3n nh\u00e0 B\u00e9o, b\u1ea1n kh\u00f4ng ch\u1ec9 ch\u0103m s\u00f3c s\u1ee9c kh\u1ecfe [...]\t\t\t\t\t<\/p>\n\t\t\t\t\t                    \n\t\t\t\t\t\n\t\t\t\t\t\n\t\t\t\t\t<\/div>\n\t\t\t\t\t<\/div>\n\t\t\t\t\t\t\t\t\t\t\t\t\t\t\t\t<div class=\"badge absolute top post-date badge-outline\">\n\t\t\t\t\t\t\t<div class=\"badge-inner\">\n\t\t\t\t\t\t\t\t<span class=\"post-date-day\">25<\/span><br>\n\t\t\t\t\t\t\t\t<span class=\"post-date-month is-xsmall\">Th10<\/span>\n\t\t\t\t\t\t\t<\/div>\n\t\t\t\t\t\t<\/div>\n\t\t\t\t\t\t\t\t\t<\/div>\n\t\t\t<\/div>\n\t\t<\/div><div class=\"col post-item\" >\n\t\t\t<div class=\"col-inner\">\n\t\t\t\t<div class=\"box box-text-bottom box-blog-post has-hover\">\n            \t\t\t\t\t<div class=\"box-image\" >\n  \t\t\t\t\t\t<div class=\"image-cover\" style=\"padding-top:180px;\">\n\t\t\t\t\t\t\t<a href=\"http:\/\/nhungbeo.id.vn\/?p=211\" class=\"plain\" aria-label=\"Gi\u00e1 c\u1ea3 h\u1ee3p l\u00fd, d\u1ecbch v\u1ee5 t\u1eadn t\u00ecnh\">\n\t\t\t\t\t\t\t\t<img loading=\"lazy\" decoding=\"async\" width=\"300\" height=\"174\" src=\"http:\/\/nhungbeo.id.vn\/wp-content\/uploads\/2024\/10\/z4498854611160_0e3a29fd42e7530c5afe8e8e1f78b211_19203708072023-Sao-chep-300x174.jpg\" class=\"attachment-medium size-medium wp-post-image\" alt=\"\" srcset=\"http:\/\/nhungbeo.id.vn\/wp-content\/uploads\/2024\/10\/z4498854611160_0e3a29fd42e7530c5afe8e8e1f78b211_19203708072023-Sao-chep-300x174.jpg 300w, http:\/\/nhungbeo.id.vn\/wp-content\/uploads\/2024\/10\/z4498854611160_0e3a29fd42e7530c5afe8e8e1f78b211_19203708072023-Sao-chep-1024x596.jpg 1024w, http:\/\/nhungbeo.id.vn\/wp-content\/uploads\/2024\/10\/z4498854611160_0e3a29fd42e7530c5afe8e8e1f78b211_19203708072023-Sao-chep-768x447.jpg 768w, http:\/\/nhungbeo.id.vn\/wp-content\/uploads\/2024\/10\/z4498854611160_0e3a29fd42e7530c5afe8e8e1f78b211_19203708072023-Sao-chep-1536x893.jpg 1536w, http:\/\/nhungbeo.id.vn\/wp-content\/uploads\/2024\/10\/z4498854611160_0e3a29fd42e7530c5afe8e8e1f78b211_19203708072023-Sao-chep-600x349.jpg 600w, http:\/\/nhungbeo.id.vn\/wp-content\/uploads\/2024\/10\/z4498854611160_0e3a29fd42e7530c5afe8e8e1f78b211_19203708072023-Sao-chep.jpg 1857w\" sizes=\"auto, (max-width: 300px) 100vw, 300px\" \/>\t\t\t\t\t\t\t<\/a>\n  \t\t\t\t\t\t\t  \t\t\t\t\t\t\t  \t\t\t\t\t\t<\/div>\n  \t\t\t\t\t\t  \t\t\t\t\t<\/div>\n          \t\t\t\t\t<div class=\"box-text text-center\" >\n\t\t\t\t\t<div class=\"box-text-inner blog-post-inner\">\n\n\t\t\t\t\t\n\t\t\t\t\t\t\t\t\t\t<h5 class=\"post-title is-large \">\n\t\t\t\t\t\t<a href=\"http:\/\/nhungbeo.id.vn\/?p=211\" class=\"plain\">Gi\u00e1 c\u1ea3 h\u1ee3p l\u00fd, d\u1ecbch v\u1ee5 t\u1eadn t\u00ecnh<\/a>\n\t\t\t\t\t<\/h5>\n\t\t\t\t\t\t\t\t\t\t<div class=\"is-divider\"><\/div>\n\t\t\t\t\t\t\t\t\t\t<p class=\"from_the_blog_excerpt \">\n\t\t\t\t\t\tCh\u00fang t\u00f4i lu\u00f4n c\u1ed1 g\u1eafng mang \u0111\u1ebfn cho kh\u00e1ch h\u00e0ng nh\u1eefng s\u1ea3n ph\u1ea9m ch\u1ea5t l\u01b0\u1ee3ng [...]\t\t\t\t\t<\/p>\n\t\t\t\t\t                    \n\t\t\t\t\t\n\t\t\t\t\t\n\t\t\t\t\t<\/div>\n\t\t\t\t\t<\/div>\n\t\t\t\t\t\t\t\t\t\t\t\t\t\t\t\t<div class=\"badge absolute top post-date badge-outline\">\n\t\t\t\t\t\t\t<div class=\"badge-inner\">\n\t\t\t\t\t\t\t\t<span class=\"post-date-day\">25<\/span><br>\n\t\t\t\t\t\t\t\t<span class=\"post-date-month is-xsmall\">Th10<\/span>\n\t\t\t\t\t\t\t<\/div>\n\t\t\t\t\t\t<\/div>\n\t\t\t\t\t\t\t\t\t<\/div>\n\t\t\t<\/div>\n\t\t<\/div><div class=\"col post-item\" >\n\t\t\t<div class=\"col-inner\">\n\t\t\t\t<div class=\"box box-text-bottom box-blog-post has-hover\">\n            \t\t\t\t\t<div class=\"box-image\" >\n  \t\t\t\t\t\t<div class=\"image-cover\" style=\"padding-top:180px;\">\n\t\t\t\t\t\t\t<a href=\"http:\/\/nhungbeo.id.vn\/?p=209\" class=\"plain\" aria-label=\"\u0110a d\u1ea1ng s\u1ea3n ph\u1ea9m, \u0111\u00e1p \u1ee9ng m\u1ecdi nhu c\u1ea7u\">\n\t\t\t\t\t\t\t\t<img loading=\"lazy\" decoding=\"async\" width=\"259\" height=\"194\" src=\"http:\/\/nhungbeo.id.vn\/wp-content\/uploads\/2024\/10\/tai-xuong-Sao-chep.jpg\" class=\"attachment-medium size-medium wp-post-image\" alt=\"\" \/>\t\t\t\t\t\t\t<\/a>\n  \t\t\t\t\t\t\t  \t\t\t\t\t\t\t  \t\t\t\t\t\t<\/div>\n  \t\t\t\t\t\t  \t\t\t\t\t<\/div>\n          \t\t\t\t\t<div class=\"box-text text-center\" >\n\t\t\t\t\t<div class=\"box-text-inner blog-post-inner\">\n\n\t\t\t\t\t\n\t\t\t\t\t\t\t\t\t\t<h5 class=\"post-title is-large \">\n\t\t\t\t\t\t<a href=\"http:\/\/nhungbeo.id.vn\/?p=209\" class=\"plain\">\u0110a d\u1ea1ng s\u1ea3n ph\u1ea9m, \u0111\u00e1p \u1ee9ng m\u1ecdi nhu c\u1ea7u<\/a>\n\t\t\t\t\t<\/h5>\n\t\t\t\t\t\t\t\t\t\t<div class=\"is-divider\"><\/div>\n\t\t\t\t\t\t\t\t\t\t<p class=\"from_the_blog_excerpt \">\n\t\t\t\t\t\tT\u1eeb rau xanh t\u01b0\u01a1i m\u00e1t \u0111\u1ebfn tr\u00e1i c\u00e2y ng\u1ecdt l\u1ecbm, t\u1eeb c\u00e1c lo\u1ea1i h\u1ea1t b\u1ed5 [...]\t\t\t\t\t<\/p>\n\t\t\t\t\t                    \n\t\t\t\t\t\n\t\t\t\t\t\n\t\t\t\t\t<\/div>\n\t\t\t\t\t<\/div>\n\t\t\t\t\t\t\t\t\t\t\t\t\t\t\t\t<div class=\"badge absolute top post-date badge-outline\">\n\t\t\t\t\t\t\t<div class=\"badge-inner\">\n\t\t\t\t\t\t\t\t<span class=\"post-date-day\">25<\/span><br>\n\t\t\t\t\t\t\t\t<span class=\"post-date-month is-xsmall\">Th10<\/span>\n\t\t\t\t\t\t\t<\/div>\n\t\t\t\t\t\t<\/div>\n\t\t\t\t\t\t\t\t\t<\/div>\n\t\t\t<\/div>\n\t\t<\/div><div class=\"col post-item\" >\n\t\t\t<div class=\"col-inner\">\n\t\t\t\t<div class=\"box box-text-bottom box-blog-post has-hover\">\n            \t\t\t\t\t<div class=\"box-image\" >\n  \t\t\t\t\t\t<div class=\"image-cover\" style=\"padding-top:180px;\">\n\t\t\t\t\t\t\t<a href=\"http:\/\/nhungbeo.id.vn\/?p=206\" class=\"plain\" aria-label=\"Ngu\u1ed3n g\u1ed1c r\u00f5 r\u00e0ng, ch\u1ea5t l\u01b0\u1ee3ng \u0111\u1ea3m b\u1ea3o\">\n\t\t\t\t\t\t\t\t<img loading=\"lazy\" decoding=\"async\" width=\"276\" height=\"182\" src=\"http:\/\/nhungbeo.id.vn\/wp-content\/uploads\/2024\/10\/images-1-Sao-chep.jpg\" class=\"attachment-medium size-medium wp-post-image\" alt=\"\" \/>\t\t\t\t\t\t\t<\/a>\n  \t\t\t\t\t\t\t  \t\t\t\t\t\t\t  \t\t\t\t\t\t<\/div>\n  \t\t\t\t\t\t  \t\t\t\t\t<\/div>\n          \t\t\t\t\t<div class=\"box-text text-center\" >\n\t\t\t\t\t<div class=\"box-text-inner blog-post-inner\">\n\n\t\t\t\t\t\n\t\t\t\t\t\t\t\t\t\t<h5 class=\"post-title is-large \">\n\t\t\t\t\t\t<a href=\"http:\/\/nhungbeo.id.vn\/?p=206\" class=\"plain\">Ngu\u1ed3n g\u1ed1c r\u00f5 r\u00e0ng, ch\u1ea5t l\u01b0\u1ee3ng \u0111\u1ea3m b\u1ea3o<\/a>\n\t\t\t\t\t<\/h5>\n\t\t\t\t\t\t\t\t\t\t<div class=\"is-divider\"><\/div>\n\t\t\t\t\t\t\t\t\t\t<p class=\"from_the_blog_excerpt \">\n\t\t\t\t\t\tNh\u1ea5n m\u1ea1nh: N\u00f4ng s\u1ea3n nh\u00e0 BEO \u0111\u01b0\u1ee3c tr\u1ed3ng tr\u1ecdt t\u1ea1i c\u00e1c v\u00f9ng \u0111\u1ea5t l\u00e0nh, kh\u00f4ng [...]\t\t\t\t\t<\/p>\n\t\t\t\t\t                    \n\t\t\t\t\t\n\t\t\t\t\t\n\t\t\t\t\t<\/div>\n\t\t\t\t\t<\/div>\n\t\t\t\t\t\t\t\t\t\t\t\t\t\t\t\t<div class=\"badge absolute top post-date badge-outline\">\n\t\t\t\t\t\t\t<div class=\"badge-inner\">\n\t\t\t\t\t\t\t\t<span class=\"post-date-day\">25<\/span><br>\n\t\t\t\t\t\t\t\t<span class=\"post-date-month is-xsmall\">Th10<\/span>\n\t\t\t\t\t\t\t<\/div>\n\t\t\t\t\t\t<\/div>\n\t\t\t\t\t\t\t\t\t<\/div>\n\t\t\t<\/div>\n\t\t<\/div><\/div>","protected":false},"excerpt":{"rendered":"","protected":false},"author":1,"featured_media":0,"parent":0,"menu_order":0,"comment_status":"closed","ping_status":"closed","template":"","meta":{"footnotes":""},"class_list":["post-295","page","type-page","status-publish","hentry"],"_links":{"self":[{"href":"http:\/\/nhungbeo.id.vn\/index.php?rest_route=\/wp\/v2\/pages\/295","targetHints":{"allow":["GET"]}}],"collection":[{"href":"http:\/\/nhungbeo.id.vn\/index.php?rest_route=\/wp\/v2\/pages"}],"about":[{"href":"http:\/\/nhungbeo.id.vn\/index.php?rest_route=\/wp\/v2\/types\/page"}],"author":[{"embeddable":true,"href":"http:\/\/nhungbeo.id.vn\/index.php?rest_route=\/wp\/v2\/users\/1"}],"replies":[{"embeddable":true,"href":"http:\/\/nhungbeo.id.vn\/index.php?rest_route=%2Fwp%2Fv2%2Fcomments&post=295"}],"version-history":[{"count":4,"href":"http:\/\/nhungbeo.id.vn\/index.php?rest_route=\/wp\/v2\/pages\/295\/revisions"}],"predecessor-version":[{"id":453,"href":"http:\/\/nhungbeo.id.vn\/index.php?rest_route=\/wp\/v2\/pages\/295\/revisions\/453"}],"wp:attachment":[{"href":"http:\/\/nhungbeo.id.vn\/index.php?rest_route=%2Fwp%2Fv2%2Fmedia&parent=295"}],"curies":[{"name":"wp","href":"https:\/\/api.w.org\/{rel}","templated":true}]}}