{"id":24,"date":"2024-10-24T07:55:31","date_gmt":"2024-10-24T07:55:31","guid":{"rendered":"https:\/\/nhungbeo.id.vn\/?post_type=product&#038;p=24"},"modified":"2025-01-01T03:05:53","modified_gmt":"2025-01-01T03:05:53","slug":"hoodie-with-pocket","status":"publish","type":"product","link":"http:\/\/nhungbeo.id.vn\/?product=hoodie-with-pocket","title":{"rendered":"C\u00e0 Ph\u00ea \u0110\u1eafk L\u1eafk"},"content":{"rendered":"<h1 class=\"product_title entry-title\">C\u00e0 Ph\u00ea \u0110\u1eafk L\u1eafk th\u01a1m ngon kh\u00f3 c\u01b0\u1ee1ng, c\u00e0 ph\u00ea h\u1ea1t rang xay nguy\u00ean ch\u1ea5t<\/h1>\n","protected":false},"excerpt":{"rendered":"<div class=\"description woocommerce-product-details__short-description\">\n<p>1Kg C\u00e0 ph\u00ea nguy\u00ean ch\u1ea5t ROBUSTA Bu\u00f4n Ma Thu\u1ed9t \u0110\u1eafk L\u1eafk \u2013 Ca phe hat nguyen chat<\/p>\n<\/div>\n<form class=\"cart\" action=\"https:\/\/nongsansach.com\/san-pham\/ca-phe-dak-lak\/\" enctype=\"multipart\/form-data\" method=\"post\">\n<div class=\"quantity\"><\/div>\n<\/form>\n","protected":false},"featured_media":366,"comment_status":"open","ping_status":"closed","template":"","meta":[],"product_cat":[15,20],"product_tag":[],"class_list":{"0":"post-24","1":"product","2":"type-product","3":"status-publish","4":"has-post-thumbnail","6":"product_cat-dacsan","7":"product_cat-thucphamdonggoi","9":"first","10":"instock","11":"featured","12":"taxable","13":"shipping-taxable","14":"purchasable","15":"product-type-simple"},"_links":{"self":[{"href":"http:\/\/nhungbeo.id.vn\/index.php?rest_route=\/wp\/v2\/product\/24","targetHints":{"allow":["GET"]}}],"collection":[{"href":"http:\/\/nhungbeo.id.vn\/index.php?rest_route=\/wp\/v2\/product"}],"about":[{"href":"http:\/\/nhungbeo.id.vn\/index.php?rest_route=\/wp\/v2\/types\/product"}],"replies":[{"embeddable":true,"href":"http:\/\/nhungbeo.id.vn\/index.php?rest_route=%2Fwp%2Fv2%2Fcomments&post=24"}],"wp:featuredmedia":[{"embeddable":true,"href":"http:\/\/nhungbeo.id.vn\/index.php?rest_route=\/wp\/v2\/media\/366"}],"wp:attachment":[{"href":"http:\/\/nhungbeo.id.vn\/index.php?rest_route=%2Fwp%2Fv2%2Fmedia&parent=24"}],"wp:term":[{"taxonomy":"product_cat","embeddable":true,"href":"http:\/\/nhungbeo.id.vn\/index.php?rest_route=%2Fwp%2Fv2%2Fproduct_cat&post=24"},{"taxonomy":"product_tag","embeddable":true,"href":"http:\/\/nhungbeo.id.vn\/index.php?rest_route=%2Fwp%2Fv2%2Fproduct_tag&post=24"}],"curies":[{"name":"wp","href":"https:\/\/api.w.org\/{rel}","templated":true}]}}