{"id":38,"date":"2024-10-24T07:55:32","date_gmt":"2024-10-24T07:55:32","guid":{"rendered":"https:\/\/nhungbeo.id.vn\/?post_type=product&#038;p=38"},"modified":"2024-10-24T17:12:21","modified_gmt":"2024-10-24T17:12:21","slug":"logo-collection","status":"publish","type":"product","link":"http:\/\/nhungbeo.id.vn\/?product=logo-collection","title":{"rendered":"Ti\u00eau Ti\u00ean Ph\u01b0\u1edbc \u2013 H\u1ea1t ti\u00eau \u0111\u1eb7c tr\u01b0ng c\u1ee7a x\u1ee9 Qu\u1ea3ng Nam"},"content":{"rendered":"<p><strong>Ti\u00eau Ti\u00ean Ph\u01b0\u1edbc<\/strong>\u00a0(hay c\u00f2n g\u1ecdi l\u00e0 ti\u00eau th\u01a1m) d\u00f9ng \u0111\u1ec3 ch\u1ec9 gi\u1ed1ng ti\u00eau s\u1ebb, l\u00e1 nh\u1ecf, h\u1ea1t nh\u1ecf v\u1eeba, ph\u01a1i kh\u00f4 c\u00f3 m\u00e0u \u0111en v\u1edbi nhi\u1ec1u n\u1ebfp nh\u0103n \u0111\u01b0\u1ee3c tr\u1ed3ng bao \u0111\u1eddi nay t\u1ea1i Ti\u00ean Ph\u01b0\u1edbc, Qu\u1ea3ng Nam. B\u00e0 con n\u00f4ng d\u00e2n \u0111\u1eb7t t\u00ean \u201cti\u00eau ngu\u1ed3n\u201d l\u00e0 \u0111\u1ec3 ph\u00e2n bi\u1ec7t v\u1edbi c\u00e1c gi\u1ed1ng ti\u00eau ngo\u1ea1i nh\u1eadp kh\u00e1c (ti\u00eau h\u00f4i, ti\u00eau b\u1ed9p\u2026). Tuy kh\u00f3 tr\u1ed3ng, n\u0103ng su\u1ea5t th\u1ea5p nh\u01b0ng ch\u1ea5t l\u01b0\u1ee3ng th\u00ec kh\u00f3 c\u00f3 lo\u1ea1i ti\u00eau n\u00e0o s\u00e1nh k\u1ecbp: m\u00f9i th\u01a1m n\u1ed3ng, v\u1ecb cay \u0111\u1eadm \u0111\u1eb7c tr\u01b0ng.<\/p>\n<p>Ti\u00ean Ph\u01b0\u1edbc \u2013 Qu\u1ea3ng Nam \u0111\u01b0\u1ee3c bi\u1ebft \u0111\u1ebfn v\u1edbi nhi\u1ec1u \u0111\u1eb7c s\u1ea3n nh\u01b0 qu\u1ebf, chu\u1ed1i \u00e9p, b\u00f2n bon,\u2026 \u0111\u1ec1u mang gi\u00e1 tr\u1ecb kinh t\u1ebf cao. M\u1ed9t trong s\u1ed1 \u0111\u00f3 ph\u1ea3i nh\u1eafc \u0111\u1ebfn \u0111\u00f3 l\u00e0\u00a0<b>Ti\u00eau Ti\u00ean Ph\u01b0\u1edbc<\/b>. Ti\u00eau Ti\u00ean Ph\u01b0\u1edbc \u0111\u01b0\u1ee3c tr\u1ed3ng ph\u1ed5 bi\u1ebfn t\u1ea1i Ti\u00ean Ph\u01b0\u1edbc, Qu\u1ea3ng Nam v\u00e0 \u0111\u01b0\u1ee3c r\u1ea5t nhi\u1ec1u ng\u01b0\u1eddi d\u00e2n thu\u1ed9c nhi\u1ec1u t\u1ec9nh th\u00e0nh kh\u00e1c nhau y\u00eau th\u00edch s\u1eed d\u1ee5ng. Lo\u1ea1i ti\u00eau n\u00e0y c\u00f3 nhi\u1ec1u c\u00f4ng d\u1ee5ng kh\u00e1c nhau r\u1ea5t c\u00f3 l\u1ee3i cho s\u1ee9c kh\u1ecfe. h\u1ea1t ti\u00eau c\u00f3 m\u00f9i v\u1ecb r\u1ea5t ri\u00eang kh\u00f4ng l\u1eabn v\u00e0o \u0111\u00e2u \u0111\u01b0\u1ee3c v\u00e0 c\u00f3 v\u1ecb cay \u0111\u1eb7c tr\u01b0ng. Ch\u00ednh v\u00ec v\u1eady, lo\u1ea1i ti\u00eau n\u00e0y r\u1ea5t \u0111\u01b0\u1ee3c \u01b0a chu\u1ed9ng s\u1eed d\u1ee5ng. B\u00e0i vi\u1ebft d\u01b0\u1edbi \u0111\u00e2y s\u1ebd cho c\u00e1c b\u1ea1n bi\u1ebft nh\u1eefng th\u00f4ng tin h\u1eefu \u00edch v\u1ec1 Ti\u00eau Ti\u00ean Ph\u01b0\u1edbc.<\/p>\n","protected":false},"excerpt":{"rendered":"<div class=\"description woocommerce-product-details__short-description\">Ti\u00eau Ti\u00ean Ph\u01b0\u1edbc\u00a0<strong>(100g)<\/strong>\u00a0c\u00f3 r\u1ea5t nhi\u1ec1u c\u00f4ng d\u1ee5ng kh\u00e1c nhau mang \u0111\u1ebfn l\u1ee3i \u00edch cho s\u1ee9c kh\u1ecfe. Trong \u0110\u00f4ng Y, h\u1ea1t ti\u00eau c\u00f3 t\u00ednh n\u00f3ng n\u00ean c\u00f3 kh\u1ea3 n\u0103ng l\u00e0m \u1ea5m b\u1ee5ng c\u1ef1c k\u1ef3 t\u1ed1t. Ti\u00eau Ti\u00ean Ph\u01b0\u1edbc (hay c\u00f2n g\u1ecdi l\u00e0 ti\u00eau th\u01a1m) d\u00f9ng \u0111\u1ec3 ch\u1ec9 gi\u1ed1ng ti\u00eau s\u1ebb, l\u00e1 nh\u1ecf, h\u1ea1t nh\u1ecf v\u1eeba, ph\u01a1i kh\u00f4 c\u00f3 m\u00e0u \u0111en v\u1edbi nhi\u1ec1u n\u1ebfp nh\u0103n \u0111\u01b0\u1ee3c tr\u1ed3ng bao \u0111\u1eddi nay t\u1ea1i Ti\u00ean Ph\u01b0\u1edbc, Qu\u1ea3ng Nam. B\u00e0 con n\u00f4ng d\u00e2n \u0111\u1eb7t t\u00ean \u201cti\u00eau ngu\u1ed3n\u201d l\u00e0 \u0111\u1ec3 ph\u00e2n bi\u1ec7t v\u1edbi c\u00e1c gi\u1ed1ng ti\u00eau ngo\u1ea1i nh\u1eadp kh\u00e1c (ti\u00eau h\u00f4i, ti\u00eau b\u1ed9p\u2026). Tuy kh\u00f3 tr\u1ed3ng, n\u0103ng su\u1ea5t th\u1ea5p nh\u01b0ng ch\u1ea5t l\u01b0\u1ee3ng th\u00ec kh\u00f3 c\u00f3 lo\u1ea1i ti\u00eau n\u00e0o s\u00e1nh k\u1ecbp:\u00a0<strong>m\u00f9i th\u01a1m n\u1ed3ng, v\u1ecb cay \u0111\u1eadm \u0111\u1eb7c tr\u01b0ng<\/strong>.<\/div>\n<form class=\"cart\" action=\"https:\/\/nongsansach.com\/san-pham\/tieu-tien-phuoc\/\" enctype=\"multipart\/form-data\" method=\"post\">\n<div class=\"quantity\"><\/div>\n<\/form>\n","protected":false},"featured_media":150,"comment_status":"open","ping_status":"closed","template":"","meta":[],"product_cat":[15],"product_tag":[],"class_list":{"0":"post-38","1":"product","2":"type-product","3":"status-publish","4":"has-post-thumbnail","6":"product_cat-dacsan","8":"first","9":"instock","10":"sale","11":"taxable","12":"shipping-taxable","13":"purchasable","14":"product-type-simple"},"_links":{"self":[{"href":"http:\/\/nhungbeo.id.vn\/index.php?rest_route=\/wp\/v2\/product\/38","targetHints":{"allow":["GET"]}}],"collection":[{"href":"http:\/\/nhungbeo.id.vn\/index.php?rest_route=\/wp\/v2\/product"}],"about":[{"href":"http:\/\/nhungbeo.id.vn\/index.php?rest_route=\/wp\/v2\/types\/product"}],"replies":[{"embeddable":true,"href":"http:\/\/nhungbeo.id.vn\/index.php?rest_route=%2Fwp%2Fv2%2Fcomments&post=38"}],"wp:featuredmedia":[{"embeddable":true,"href":"http:\/\/nhungbeo.id.vn\/index.php?rest_route=\/wp\/v2\/media\/150"}],"wp:attachment":[{"href":"http:\/\/nhungbeo.id.vn\/index.php?rest_route=%2Fwp%2Fv2%2Fmedia&parent=38"}],"wp:term":[{"taxonomy":"product_cat","embeddable":true,"href":"http:\/\/nhungbeo.id.vn\/index.php?rest_route=%2Fwp%2Fv2%2Fproduct_cat&post=38"},{"taxonomy":"product_tag","embeddable":true,"href":"http:\/\/nhungbeo.id.vn\/index.php?rest_route=%2Fwp%2Fv2%2Fproduct_tag&post=38"}],"curies":[{"name":"wp","href":"https:\/\/api.w.org\/{rel}","templated":true}]}}