{"id":39,"date":"2024-10-24T07:55:32","date_gmt":"2024-10-24T07:55:32","guid":{"rendered":"https:\/\/nhungbeo.id.vn\/?post_type=product&#038;p=39"},"modified":"2024-10-26T02:22:27","modified_gmt":"2024-10-26T02:22:27","slug":"wordpress-pennant","status":"publish","type":"product","link":"http:\/\/nhungbeo.id.vn\/?product=wordpress-pennant","title":{"rendered":"N\u1ea5m lim xanh \u2013 N\u1ea5m lim xanh r\u1eebng t\u1ef1 nhi\u00ean Ti\u00ean Ph\u01b0\u1edbc, Qu\u1ea3ng Nam"},"content":{"rendered":"<p><strong data-cursor=\"-color-purple\">N\u1ea5m lim xanh Qu\u1ea3ng Nam<\/strong>\u00a0l\u00e0 th\u1ea3o d\u01b0\u1ee3c qu\u00fd hi\u1ebfm ch\u1ec9 m\u1ecdc l\u00ean \u1edf g\u1ed1c ho\u1eb7c th\u00e2n nh\u1eefng c\u00e2y lim \u0111\u00e3 ch\u1ebft trong c\u00e1c khu r\u1eebng nguy\u00ean sinh. S\u1edf h\u1eefu nhi\u1ec1u nguy\u00ean t\u1ed1 vi l\u01b0\u1ee3ng c\u00f9ng h\u01a1n 100 lo\u1ea1i d\u01b0\u1ee3c ch\u1ea5t t\u1ef1 nhi\u00ean, \u0111\u00e2y l\u00e0 m\u1eb7t h\u00e0ng\u00a0<strong data-cursor=\"-color-purple\">\u0111\u1eb7c s\u1ea3n Qu\u1ea3ng Nam<\/strong>\u00a0c\u00f3 c\u00f4ng d\u1ee5ng v\u01b0\u1ee3t tr\u1ed9i \u0111\u1ed1i v\u1edbi s\u1ee9c kh\u1ecfe, \u0111\u01b0\u1ee3c r\u1ea5t nhi\u1ec1u ng\u01b0\u1eddi t\u00ecm mua.<\/p>\n","protected":false},"excerpt":{"rendered":"<p data-cursor=\"-color-purple\">N\u1ea5m lim xanh r\u1eebng Qu\u1ea3ng Nam t\u1ef1 nhi\u00ean c\u00f3 2 lo\u1ea1i: m\u1ecdc \u1edf g\u1ed1c c\u00e2y lim v\u00e0 m\u1ecdc \u1edf th\u00e2n c\u00e2y lim. Trong \u0111\u00f3, lo\u1ea1i n\u1ea5m m\u1ecdc \u1edf g\u1ed1c c\u00f3 r\u1ec5 m\u00e0u \u0111\u1ecf, v\u1ecb \u0111\u1eafng, c\u00f3 m\u0169 t\u00e1n tr\u00f4ng gi\u1ed1ng c\u00e2y d\u00f9, ch\u00e2n n\u1ea5m d\u00e0i ng\u1eafn ho\u1eb7c to nh\u1ecf t\u00f9y c\u00e2y, c\u00f3 d\u01b0\u1ee3c t\u00ednh cao \u0111\u01b0\u1ee3c d\u00f9ng \u0111\u1ec3 kh\u1eafc ph\u1ee5c b\u1ec7nh; c\u00f2n lo\u1ea1i m\u1ecdc \u1edf th\u00e2n c\u00f3 h\u00ecnh c\u00e1nh qu\u1ea1t, kh\u00f4ng c\u00f3 ch\u00e2n, \u00edt c\u00f3 v\u1ecb \u0111\u1eafng, v\u00e0 \u0111\u01b0\u1ee3c d\u00f9ng nhi\u1ec1u \u0111\u1ec3 ph\u00f2ng ng\u1eeba b\u1ec7nh.<\/p>\n<div id=\"attachment_43862\" class=\"wp-caption aligncenter\"><\/div>\n","protected":false},"featured_media":363,"comment_status":"open","ping_status":"closed","template":"","meta":[],"product_cat":[15,20],"product_tag":[],"class_list":{"0":"post-39","1":"product","2":"type-product","3":"status-publish","4":"has-post-thumbnail","6":"product_cat-dacsan","7":"product_cat-thucphamdonggoi","9":"first","10":"instock","11":"sale","12":"featured","13":"taxable","14":"shipping-taxable","15":"purchasable","16":"product-type-simple"},"_links":{"self":[{"href":"http:\/\/nhungbeo.id.vn\/index.php?rest_route=\/wp\/v2\/product\/39","targetHints":{"allow":["GET"]}}],"collection":[{"href":"http:\/\/nhungbeo.id.vn\/index.php?rest_route=\/wp\/v2\/product"}],"about":[{"href":"http:\/\/nhungbeo.id.vn\/index.php?rest_route=\/wp\/v2\/types\/product"}],"replies":[{"embeddable":true,"href":"http:\/\/nhungbeo.id.vn\/index.php?rest_route=%2Fwp%2Fv2%2Fcomments&post=39"}],"wp:featuredmedia":[{"embeddable":true,"href":"http:\/\/nhungbeo.id.vn\/index.php?rest_route=\/wp\/v2\/media\/363"}],"wp:attachment":[{"href":"http:\/\/nhungbeo.id.vn\/index.php?rest_route=%2Fwp%2Fv2%2Fmedia&parent=39"}],"wp:term":[{"taxonomy":"product_cat","embeddable":true,"href":"http:\/\/nhungbeo.id.vn\/index.php?rest_route=%2Fwp%2Fv2%2Fproduct_cat&post=39"},{"taxonomy":"product_tag","embeddable":true,"href":"http:\/\/nhungbeo.id.vn\/index.php?rest_route=%2Fwp%2Fv2%2Fproduct_tag&post=39"}],"curies":[{"name":"wp","href":"https:\/\/api.w.org\/{rel}","templated":true}]}}